{"id":551,"date":"2021-03-08T01:50:10","date_gmt":"2021-03-08T09:50:10","guid":{"rendered":"https:\/\/www.thepinnaclelist.com\/fr\/?page_id=551"},"modified":"2021-06-19T18:50:55","modified_gmt":"2021-06-20T01:50:55","slug":"a-propos","status":"publish","type":"page","link":"https:\/\/www.thepinnaclelist.com\/fr\/a-propos\/","title":{"rendered":"\u00c0 propos de nous"},"content":{"rendered":"\n<p>La Liste Pinacle est la premi\u00e8re marque immobili\u00e8re de luxe au monde, offrant la plateforme publicitaire la plus innovante et la plus compl\u00e8te, attirant les acheteurs et vendeurs internationaux de maisons de luxe \u00e0 vendre. <a href=\"https:\/\/www.thepinnaclelist.com\/fr\/\" data-type=\"URL\" data-id=\"https:\/\/www.thepinnaclelist.com\/fr\/\">La Liste Pinacle<\/a> est propuls\u00e9 par <a rel=\"noreferrer noopener\" href=\"https:\/\/www.solespire.com\/multiplex\/\" target=\"_blank\">Multiplex<\/a>, une pile multim\u00e9dia moderne innovante con\u00e7ue sur mesure pour un contenu dynamique et des technologies avanc\u00e9es, parent\u00e9 par <a rel=\"noreferrer noopener\" href=\"https:\/\/www.solespire.com\/\" target=\"_blank\">Solespire Media Inc.<\/a><\/p>\n\n\n\n<p>Notre service d&rsquo;annonces immobili\u00e8res de luxe propose une commercialisation et une promotion actives des maisons, propri\u00e9t\u00e9s et r\u00e9sidences \u00e0 vendre locales, nationales et internationales qui attirent les acheteurs et les vendeurs de maisons de luxe dans le monde entier.<\/p>\n\n\n\n<p>En tant que portail immobilier international, nous nous effor\u00e7ons d&rsquo;\u00eatre la plate-forme de pr\u00e9sentation ultime pour les annonces de luxe dans le monde entier avec des technologies visuelles, vid\u00e9o et de contact de pointe ainsi qu&rsquo;une technologie mobile r\u00e9active de niveau sup\u00e9rieur qui r\u00e9pond aux importants besoins marketing et promotionnels de agents et courtiers d&rsquo;\u00e9lite dans le monde entier.<\/p>\n","protected":false},"excerpt":{"rendered":"<p>La Liste Pinacle est la premi\u00e8re marque immobili\u00e8re de luxe au monde, offrant la plateforme publicitaire la plus innovante et la plus compl\u00e8te, attirant les acheteurs et vendeurs internationaux de maisons de luxe \u00e0 vendre. La Liste Pinacle est propuls\u00e9 par Multiplex, une pile multim\u00e9dia moderne innovante con\u00e7ue sur mesure pour un contenu dynamique et [&hellip;]<\/p>\n","protected":false},"author":28,"featured_media":0,"parent":0,"menu_order":0,"comment_status":"closed","ping_status":"closed","template":"","meta":{"_acf_changed":false,"author_count":0,"footnotes":""},"tags":[],"tax_location":[],"coauthors":[3],"class_list":["post-551","page","type-page","status-publish","hentry"],"acf":[],"_links":{"self":[{"href":"https:\/\/www.thepinnaclelist.com\/fr\/wp-json\/wp\/v2\/pages\/551","targetHints":{"allow":["GET"]}}],"collection":[{"href":"https:\/\/www.thepinnaclelist.com\/fr\/wp-json\/wp\/v2\/pages"}],"about":[{"href":"https:\/\/www.thepinnaclelist.com\/fr\/wp-json\/wp\/v2\/types\/page"}],"author":[{"embeddable":true,"href":"https:\/\/www.thepinnaclelist.com\/fr\/wp-json\/wp\/v2\/users\/28"}],"replies":[{"embeddable":true,"href":"https:\/\/www.thepinnaclelist.com\/fr\/wp-json\/wp\/v2\/comments?post=551"}],"version-history":[{"count":0,"href":"https:\/\/www.thepinnaclelist.com\/fr\/wp-json\/wp\/v2\/pages\/551\/revisions"}],"wp:attachment":[{"href":"https:\/\/www.thepinnaclelist.com\/fr\/wp-json\/wp\/v2\/media?parent=551"}],"wp:term":[{"taxonomy":"post_tag","embeddable":true,"href":"https:\/\/www.thepinnaclelist.com\/fr\/wp-json\/wp\/v2\/tags?post=551"},{"taxonomy":"tax_location","embeddable":true,"href":"https:\/\/www.thepinnaclelist.com\/fr\/wp-json\/wp\/v2\/tax_location?post=551"},{"taxonomy":"author","embeddable":true,"href":"https:\/\/www.thepinnaclelist.com\/fr\/wp-json\/wp\/v2\/coauthors?post=551"}],"curies":[{"name":"wp","href":"https:\/\/api.w.org\/{rel}","templated":true}]}}