{"id":1775,"date":"2023-04-09T19:16:09","date_gmt":"2023-04-10T02:16:09","guid":{"rendered":"https:\/\/www.thepinnaclelist.com\/fr\/?page_id=1775"},"modified":"2023-04-09T19:16:10","modified_gmt":"2023-04-10T02:16:10","slug":"whatsapp","status":"publish","type":"page","link":"https:\/\/www.thepinnaclelist.com\/fr\/whatsapp\/","title":{"rendered":"WhatsApp"},"content":{"rendered":"\n<p class=\"has-text-align-center\">Message La Liste Pinacle, via la soci\u00e9t\u00e9 m\u00e8re <a href=\"https:\/\/wa.me\/message\/Q6FZJEELDZTDN1\" data-type=\"URL\" data-id=\"https:\/\/wa.me\/message\/Q6FZJEELDZTDN1\">Solespire sur WhatsApp<\/a>.<\/p>\n","protected":false},"excerpt":{"rendered":"<p>Message La Liste Pinacle, via la soci\u00e9t\u00e9 m\u00e8re Solespire sur WhatsApp.<\/p>\n","protected":false},"author":1,"featured_media":0,"parent":0,"menu_order":0,"comment_status":"closed","ping_status":"closed","template":"","meta":{"_acf_changed":false,"author_count":0,"footnotes":""},"tags":[],"tax_location":[],"coauthors":[70],"class_list":["post-1775","page","type-page","status-publish","hentry"],"acf":[],"_links":{"self":[{"href":"https:\/\/www.thepinnaclelist.com\/fr\/wp-json\/wp\/v2\/pages\/1775","targetHints":{"allow":["GET"]}}],"collection":[{"href":"https:\/\/www.thepinnaclelist.com\/fr\/wp-json\/wp\/v2\/pages"}],"about":[{"href":"https:\/\/www.thepinnaclelist.com\/fr\/wp-json\/wp\/v2\/types\/page"}],"author":[{"embeddable":true,"href":"https:\/\/www.thepinnaclelist.com\/fr\/wp-json\/wp\/v2\/users\/1"}],"replies":[{"embeddable":true,"href":"https:\/\/www.thepinnaclelist.com\/fr\/wp-json\/wp\/v2\/comments?post=1775"}],"version-history":[{"count":0,"href":"https:\/\/www.thepinnaclelist.com\/fr\/wp-json\/wp\/v2\/pages\/1775\/revisions"}],"wp:attachment":[{"href":"https:\/\/www.thepinnaclelist.com\/fr\/wp-json\/wp\/v2\/media?parent=1775"}],"wp:term":[{"taxonomy":"post_tag","embeddable":true,"href":"https:\/\/www.thepinnaclelist.com\/fr\/wp-json\/wp\/v2\/tags?post=1775"},{"taxonomy":"tax_location","embeddable":true,"href":"https:\/\/www.thepinnaclelist.com\/fr\/wp-json\/wp\/v2\/tax_location?post=1775"},{"taxonomy":"author","embeddable":true,"href":"https:\/\/www.thepinnaclelist.com\/fr\/wp-json\/wp\/v2\/coauthors?post=1775"}],"curies":[{"name":"wp","href":"https:\/\/api.w.org\/{rel}","templated":true}]}}